{"id":1772,"date":"2021-02-19T22:25:33","date_gmt":"2021-02-19T19:25:33","guid":{"rendered":"https:\/\/apekom.com\/?post_type=product&#038;p=1772"},"modified":"2023-11-30T17:13:44","modified_gmt":"2023-11-30T14:13:44","slug":"tcmt-400-soojuskeraamik-vannitoa","status":"publish","type":"product","link":"https:\/\/apekom.com\/ru\/product\/tcmt-400-soojuskeraamik-vannitoa\/","title":{"rendered":"Vannitoa infrapuna k\u00fcttepaneel TCMT &#8212; 400W (900\u0445600\u044517mm)"},"content":{"rendered":"<h4>Kuidas t\u00f6\u00f6tab infrapuna keraamiline k\u00fcttepaneel<\/h4>\n<p>Infrapuna k\u00fcttepaneelis on \u00fchendatud kaks t\u00fc\u00fcpi k\u00fctet: pikkade soojuslainetega infrapunak\u00fcte ja konvektsioon, mis v\u00f5imaldab ruumi \u00fchtlase soojendamise ja mugava mikrokliima s\u00e4ilitamise. Magnesiidist peegeldava kile kasutamine prefessionaalse seeria mudelites v\u00f5imaldas saavutada keraamilise pinna maksimaalset soojuslainetega l\u00e4bitavust, parandades soojendi kvaliteeti ja \u00f6koloogilisust.<\/p>\n<ul>\n<li>Kiirgab soojust nagu soe kivi<\/li>\n<li>Ei kuivata \u00f5hku<\/li>\n<li>S\u00e4\u00e4stab elektrienergiat 30% v\u00f5rra<\/li>\n<li>Garantii 5 aastat<\/li>\n<li>Vaikne<\/li>\n<li>S\u00e4\u00e4stlikud &#8212; Infrapuna k\u00fcttepaneelid on 4 korda v\u00e4hem v\u00f5imsamad kui \u00f5lisoojendid ja konvektorid<\/li>\n<li>Stiilse disainiga &#8212; K\u00fcttepaneel SOOJUSKERAAMIK on kompaktne ja \u00f5huke nagu monitor (1,5 cm), marmori v\u00e4rvusega<\/li>\n<li>K\u00e4ttesaadavad &#8212; K\u00f5rgkvaliteediline ja vastupidav toode TOOTJALT<\/li>\n<li>T\u00e4iesti vaiksed<\/li>\n<li>Infrapunakiirguse t\u00f6\u00f6p\u00f5him\u00f5te &#8212; \u00dchtlane ja suunatud ruumi soojendamine pikkade soojuslainetega. Erinevalt konvektorist ei soojenda lae all olevat \u00f5hku<\/li>\n<li>Lihtsasti paigaldatav ja mobiilne &#8212; Keraamiliste infrapuna k\u00fcttepaneelide paigaldus v\u00f5tab aega kuni 5 minutit. K\u00f5ikide soojendiga on kaasas montaazikomplekt<\/li>\n<li>\u00d6koloogilised &#8212; Valmistatud naturaalsest kivist ja \u00f6koloogilistest materjalidest<\/li>\n<li>Vastupidavad &#8212; Paigaldasite ja unustasite<\/li>\n<\/ul>\n<p>Soojendidon pinge k\u00f5ikumiste suhtes vastupidavad!<br \/>\nPaneelide kasutusiga on 30 aastat.<br \/>\nKaitseklass IP54.<\/p>\n<p>K\u00e4ibemaks ei ole hinna sees.<\/p>\n","protected":false},"excerpt":{"rendered":"<h3>TCMT &#8212; 400 Soojuskeraamik Vannitoa K\u00fcttepaneel<\/h3>\n<ul>\n<li>V\u00e4rv: Valge marmor<\/li>\n<li>V\u00f5imsus: 400 W<\/li>\n<li>Suurused, mm: 900\u0445600\u044517<\/li>\n<li>K\u00f6etava pinna suurus: 12 m2<\/li>\n<li>Kaal, kg: 12<\/li>\n<li>Termostaat: sisseehitatud<\/li>\n<\/ul>\n<p>Infrapuna k\u00fcttepaneelid SOOJUSKERAAMIK &#8212; need on kompaktsed ja stiilsed, naturaalsest looduslikust materjalist infrapuna k\u00fcttepaneelid, mis on kaasaegseks alternatiiviks traditsioonilistele ja kallidele k\u00fcttes\u00fcsteemidele.<\/p>\n","protected":false},"featured_media":1997,"template":"","meta":[],"class_list":{"0":"post-1772","1":"product","2":"type-product","3":"status-publish","4":"has-post-thumbnail","6":"product_cat-infrakuttepaneelid","7":"description-off","9":"first","10":"outofstock","11":"taxable","12":"shipping-taxable","13":"purchasable","14":"product-type-simple"},"_links":{"self":[{"href":"https:\/\/apekom.com\/ru\/wp-json\/wp\/v2\/product\/1772","targetHints":{"allow":["GET"]}}],"collection":[{"href":"https:\/\/apekom.com\/ru\/wp-json\/wp\/v2\/product"}],"about":[{"href":"https:\/\/apekom.com\/ru\/wp-json\/wp\/v2\/types\/product"}],"wp:featuredmedia":[{"embeddable":true,"href":"https:\/\/apekom.com\/ru\/wp-json\/wp\/v2\/media\/1997"}],"wp:attachment":[{"href":"https:\/\/apekom.com\/ru\/wp-json\/wp\/v2\/media?parent=1772"}],"curies":[{"name":"wp","href":"https:\/\/api.w.org\/{rel}","templated":true}]}}