{"id":791,"date":"2020-01-18T22:00:37","date_gmt":"2020-01-18T19:00:37","guid":{"rendered":"https:\/\/newtest.apekom.ee\/?post_type=product&#038;p=791"},"modified":"2021-12-08T16:28:25","modified_gmt":"2021-12-08T13:28:25","slug":"moes-wifi","status":"publish","type":"product","link":"https:\/\/apekom.com\/ru\/product\/moes-wifi\/","title":{"rendered":"MOES-WiFi Termoregulaator"},"content":{"rendered":"<p>Stiilne ja t\u00f6\u00f6kindel disain<br \/>\nH\u00f5bedane ja esteetiline metallpaneel<br \/>\nDistantsiooniline k\u00fcttes\u00fcsteemi juhtimine mobiili\u00e4pist<br \/>\nH\u00e4ljuhitav integreerituna tehisintellekti tarkvaradega Google Assistant ja Amazon Alexa<br \/>\nProgrammeeritav temperatuuride ajakava<\/p>\n<h4>P\u00f5hin\u00e4itajad<\/h4>\n<p>Suurused 86mmx86mm<br \/>\nTipp: Elektrooniline<br \/>\nPower Supply: 95~240VAC,50~60Hz<br \/>\nKoormus: 5A (veesoojendi, soojaveeboiler, gaasikatel) 16A (elektrik\u00fcte)<br \/>\nAndur: NTC<br \/>\nReguleeritava temperatuuri vahemik, kraadi: 5-45<br \/>\nT\u00e4psus, kraadi: 0.5<br \/>\nTarbimine, W: 1.5<br \/>\nKaitseklass: IP20<br \/>\nApp: Smart Life, Tuya<\/p>\n<p>H\u00e4\u00e4ljuhtimine: Amazon, Alexa, Echo, Google home<\/p>\n<h4>Kasutamine<\/h4>\n<p>Koos p\u00f5randa infrapunak\u00fcttekiledega,<br \/>\nK\u00fctes\u00fcsteemiga SEKK,<br \/>\nInfrapunasoojenditega,<br \/>\nGarantii 2 aastat.<\/p>\n<p>KM ei ole hinna sees.<\/p>\n","protected":false},"excerpt":{"rendered":"<h3>MOES WiFi<\/h3>\n<p>Kui k\u00e4ite ajaga kaasas ja peate mugavuseks nutitehnoloogia kasutamisega tulenevaid v\u00f5imalusi, siis antud termoregulaator on m\u00f5eldud Teile.<\/p>\n","protected":false},"featured_media":770,"template":"","meta":[],"class_list":{"0":"post-791","1":"product","2":"type-product","3":"status-publish","4":"has-post-thumbnail","6":"product_cat-termoregulaatorid","7":"description-off","9":"first","10":"instock","11":"taxable","12":"shipping-taxable","13":"purchasable","14":"product-type-simple"},"_links":{"self":[{"href":"https:\/\/apekom.com\/ru\/wp-json\/wp\/v2\/product\/791","targetHints":{"allow":["GET"]}}],"collection":[{"href":"https:\/\/apekom.com\/ru\/wp-json\/wp\/v2\/product"}],"about":[{"href":"https:\/\/apekom.com\/ru\/wp-json\/wp\/v2\/types\/product"}],"wp:featuredmedia":[{"embeddable":true,"href":"https:\/\/apekom.com\/ru\/wp-json\/wp\/v2\/media\/770"}],"wp:attachment":[{"href":"https:\/\/apekom.com\/ru\/wp-json\/wp\/v2\/media?parent=791"}],"curies":[{"name":"wp","href":"https:\/\/api.w.org\/{rel}","templated":true}]}}